{"id":410,"date":"2024-08-20T23:44:13","date_gmt":"2024-08-20T23:44:13","guid":{"rendered":"https:\/\/tlalocjourneys.com\/?post_type=product&#038;p=410"},"modified":"2025-02-04T16:59:47","modified_gmt":"2025-02-04T16:59:47","slug":"cancun-y-riviera-maya","status":"publish","type":"product","link":"https:\/\/tlalocjourneys.com\/en\/product-2\/cancun-y-riviera-maya\/","title":{"rendered":"Cancun and Riviera Maya"},"content":{"rendered":"<p>Enjoy the paradisiacal beaches and rich culture of the Riviera Maya.<\/p>\n<p><strong>Includes<\/strong><\/p>\n<ul>\n<li>All-inclusive resort accommodation (4 nights).<\/li>\n<li>Transportation to and from the airport.<\/li>\n<li>Excursions to Tulum and Chichen Itza.<\/li>\n<li>Water activities (snorkeling and diving).<\/li>\n<\/ul>\n<p><strong>Not included<\/strong><\/p>\n<ul>\n<li>Flights<\/li>\n<li>Tips<\/li>\n<li>Nothing not mentioned in this package description<\/li>\n<\/ul>\n<p><strong>Itinerary<\/strong><\/p>\n<ul>\n<li><strong>Day 1:<\/strong>\u00a0Arrival, transfer to the resort, free afternoon.<\/li>\n<li><strong>Day 2:<\/strong>\u00a0Excursion to Tulum, lunch with ocean view.<\/li>\n<li><strong>Day 3:<\/strong>\u00a0Water activities, themed dinner.<\/li>\n<li><strong>Day 4:<\/strong>\u00a0Excursion to Chichen Itza and Ik Kil cenote.<\/li>\n<li><strong>D\u00eda 5:<\/strong>\u00a0Breakfast, free time, transfer to the airport.<\/li>\n<\/ul>\n<p><button id=\"sendDataButton\">Send Data<\/button><button id=\"sendDataButton\">Send Data<\/button><\/p>\n<p><button id=\"sendDataButton\">Send Data<\/button><button id=\"sendDataButton\">Send Data<\/button><\/p>\n<p><button id=\"sendDataButton\">Send Data<\/button><button id=\"sendDataButton\">Send Data<\/button><\/p>","protected":false},"excerpt":{"rendered":"<p><strong>Duration:<\/strong>\u00a05 days \/ 4 nights<\/p>\n<p><strong>Description:<\/strong>\u00a0Sum\u00e9rgete en las aguas cristalinas de Canc\u00fan y la Riviera Maya. Este paquete incluye alojamiento en un resort todo incluido, excursiones a las ruinas mayas de Tulum y Chich\u00e9n Itz\u00e1, y actividades acu\u00e1ticas como snorkel y buceo en los arrecifes de coral. Rel\u00e1jate en las playas de arena blanca y disfruta de la vibrante vida nocturna de Canc\u00fan.<\/p>\n<p><strong>Explore Cancun and the Riviera Maya<\/strong><\/p>\n<p><button id=\"sendDataButton\">Send Data<\/button><button id=\"sendDataButton\">Send Data<\/button><\/p>\n<p><button id=\"sendDataButton\">Send Data<\/button><button id=\"sendDataButton\">Send Data<\/button><\/p>\n<p><button id=\"sendDataButton\">Send Data<\/button><button id=\"sendDataButton\">Send Data<\/button><\/p>","protected":false},"featured_media":720,"template":"","meta":{"_acf_changed":false},"product_brand":[],"product_cat":[28],"product_tag":[],"class_list":{"0":"post-410","1":"product","2":"type-product","3":"status-publish","4":"has-post-thumbnail","6":"product_cat-destinos-nacionales","8":"first","9":"instock","10":"taxable","11":"shipping-taxable","12":"purchasable","13":"product-type-simple"},"acf":{"im_status":"enabled","days_for_delivery":"5"},"_links":{"self":[{"href":"https:\/\/tlalocjourneys.com\/en\/wp-json\/wp\/v2\/product\/410","targetHints":{"allow":["GET"]}}],"collection":[{"href":"https:\/\/tlalocjourneys.com\/en\/wp-json\/wp\/v2\/product"}],"about":[{"href":"https:\/\/tlalocjourneys.com\/en\/wp-json\/wp\/v2\/types\/product"}],"wp:featuredmedia":[{"embeddable":true,"href":"https:\/\/tlalocjourneys.com\/en\/wp-json\/wp\/v2\/media\/720"}],"wp:attachment":[{"href":"https:\/\/tlalocjourneys.com\/en\/wp-json\/wp\/v2\/media?parent=410"}],"wp:term":[{"taxonomy":"product_brand","embeddable":true,"href":"https:\/\/tlalocjourneys.com\/en\/wp-json\/wp\/v2\/product_brand?post=410"},{"taxonomy":"product_cat","embeddable":true,"href":"https:\/\/tlalocjourneys.com\/en\/wp-json\/wp\/v2\/product_cat?post=410"},{"taxonomy":"product_tag","embeddable":true,"href":"https:\/\/tlalocjourneys.com\/en\/wp-json\/wp\/v2\/product_tag?post=410"}],"curies":[{"name":"wp","href":"https:\/\/api.w.org\/{rel}","templated":true}]}}